{"id":65,"date":"2022-12-06T18:51:05","date_gmt":"2022-12-06T18:51:05","guid":{"rendered":"http:\/\/freioss.de\/?page_id=65"},"modified":"2025-02-19T07:12:10","modified_gmt":"2025-02-19T07:12:10","slug":"satzung","status":"publish","type":"page","link":"https:\/\/freioss.de\/?page_id=65","title":{"rendered":"Satzung"},"content":{"rendered":"\n<h1 class=\"wp-block-heading\" id=\"page-title\">ehemalige Satzung<br> des Freiburger Open Source Software Netzwerks e. V.<\/h1>\n\n\n\n<h2 class=\"wp-block-heading\">\u00a7 1 Name, Sitz, Gesch\u00e4ftsjahr<\/h2>\n\n\n\n<ol class=\"wp-block-list\">\n<li>Der Verein f\u00fchrt den Namen \u201eFreiburger Open Source Software Netzwerk e.V.\u201c, ab\u00adgek\u00fcrzt \u201eFreiOSS.net e.V.\u201c<\/li>\n\n\n\n<li>Der Verein wurde am 9. Juni 2004 gegr\u00fcndet.<\/li>\n\n\n\n<li>Der Verein ist unter der Reg.-Nummer VR 3839 in das Vereinsregister des Amtsge\u00adrichts Freiburg i. Br. eingetragen.<\/li>\n\n\n\n<li>Er hat seinen Sitz in 79232 March.<\/li>\n\n\n\n<li>Das Gesch\u00e4ftsjahr ist das Kalenderjahr.<\/li>\n<\/ol>\n\n\n\n<h2 class=\"wp-block-heading\">\u00a7 2 Zweck und Aufgaben des Vereins<\/h2>\n\n\n\n<ol class=\"wp-block-list\">\n<li>Der Verein \u201eFreiburger Open Source Software Netzwerk e.V.\u201c verfolgt aus\u00adschlie\u00dflich und unmittelbar gemeinn\u00fctzige Zwecke im Sinne des Abschnitts \u201eSteuer\u00adbeg\u00fcnstigte Zwecke\u201c der Abgabenordnung (AO).<\/li>\n\n\n\n<li>Zweck der K\u00f6rperschaft ist die F\u00f6rderung der Volks- und Berufsbildung, die F\u00f6rde\u00adrung der Entwicklungszusammenarbeit im Bereich der Open-Source-Software so\u00adwohl auf lokaler als auch auf internationaler Ebene und die F\u00f6rderung ihrer Ent\u00adwicklung und Verbreitung.<\/li>\n\n\n\n<li>Er setzt sich daf\u00fcr ein, den Open-Source-Gedanken weiterzuentwickeln und zu ver\u00adbreiten.<\/li>\n\n\n\n<li>Der Verein f\u00f6rdert die Einf\u00fchrung und Fortbildung von Mitgliedern und interessierten Nichtmitgliedern im Umgang mit Open-Source-Software und freier Software.<\/li>\n<\/ol>\n\n\n\n<p><em>Der Zweck wird verwirklicht insbesondere durch<\/em><\/p>\n\n\n\n<ul class=\"wp-block-list\">\n<li>Publikationen zum Thema \u201eOpen-Source-Software\u201c auf der Webseite des Vereins (<a href=\"http:\/\/www.freioss.net\">http:\/\/www.freioss.net<\/a>)<\/li>\n\n\n\n<li>Durchf\u00fchrung geeigneter Veranstaltungen und Projekte<\/li>\n\n\n\n<li>Aufbau eines geeigneten Netzwerks zum Informationsaustausch<\/li>\n\n\n\n<li>Aufbau und Pflege internationaler Partnerschaften<\/li>\n<\/ul>\n\n\n\n<h2 class=\"wp-block-heading\">\u00a7 3 Gemeinn\u00fctzigkeit<\/h2>\n\n\n\n<ol class=\"wp-block-list\">\n<li>Der Verein ist selbstlos t\u00e4tig, er verfolgt nicht in erster Linie eigenwirtschaftliche Zwecke. Mittel des Vereins d\u00fcrfen nur f\u00fcr die satzungsgem\u00e4\u00dfen Zwecke verwendet werden. Die Mitglieder erhalten keine Zuwendungen aus Mitteln des Vereins.<\/li>\n\n\n\n<li>Es darf keine Person durch Ausgaben, die dem Zweck des Vereins fremd sind, oder durch unverh\u00e4ltnism\u00e4\u00dfig hohe Verg\u00fctungen beg\u00fcnstigt werden.<\/li>\n\n\n\n<li>Nach dem Ausscheiden eines Mitglieds oder nach der Aufl\u00f6sung des Vereins erhal\u00adten die Mitglieder f\u00fcr ihre Mitgliedschaft keinerlei Entsch\u00e4digung.<\/li>\n\n\n\n<li>Die Vereins\u00e4mter sind Ehren\u00e4mter.<\/li>\n<\/ol>\n\n\n\n<h2 class=\"wp-block-heading\">\u00a7 4 Erwerb und Beendigung der Mitgliedschaft<\/h2>\n\n\n\n<ol class=\"wp-block-list\">\n<li>Der Verein hat ordentliche Mitglieder.<\/li>\n\n\n\n<li>Ordentliches Mitglied des Vereins k\u00f6nnen nat\u00fcrliche und juristische Personen wer\u00adden.<\/li>\n\n\n\n<li>\u00dcber den schriftlichen Antrag entscheidet der Vorstand. Der Antrag soll \u2013 im Falle einer nat\u00fcrlichen Person \u2013 Namen, Beruf, bzw. T\u00e4tigkeit, Anschrift und die E-Mail- Adresse des Antragstellers enthalten. Juristische Personen haben zudem eine An\u00adgabe dar\u00fcber zu machen, durch welche nat\u00fcrliche Person sie in der Mitgliederver\u00adsammlung vertreten werden wollen. Sollten sich im Antrag gemachte Daten ge\u00e4n\u00addert haben, so sind diese dem Vorstand unverz\u00fcglich bekannt zu machen.<\/li>\n\n\n\n<li>Die Mitgliedschaft endet mit dem Tod des Mitglieds, durch freiwilligen Austritt oder durch Ausschluss aus dem Verein.<\/li>\n\n\n\n<li>Der freiwillige Austritt erfolgt durch schriftliche Erkl\u00e4rung gegen\u00fcber einem Mitglied des Vorstands. Er kann jederzeit mit einer K\u00fcndigungsfrist von drei Monaten zum Ende des Gesch\u00e4ftsjahres erkl\u00e4rt werden.<br>Ein Mitglied kann, wenn es gegen die Vereinsinteressen gr\u00f6blich versto\u00dfen hat, durch Beschluss des Vorstands aus dem Verein ausgeschlossen werden.<\/li>\n<\/ol>\n\n\n\n<h2 class=\"wp-block-heading\">&nbsp;\u00a7 5 Mitgliedsbeitr\u00e4ge<\/h2>\n\n\n\n<ol class=\"wp-block-list\">\n<li>Es ist ein Mitgliedsbeitrag zu leisten, dessen H\u00f6he die Mitgliederversammlung je\u00adweils f\u00fcr das kommende Gesch\u00e4ftsjahr festlegt. Der Beitrag ist im 1. Quartal des Gesch\u00e4ftsjahres zu zahlen.<\/li>\n\n\n\n<li>Der Mitgliedsbeitrag f\u00fcr das laufende Gesch\u00e4ftsjahr wird bei Austritt oder Aus\u00adschluss nicht zur\u00fcckerstattet.<\/li>\n<\/ol>\n\n\n\n<h2 class=\"wp-block-heading\">&nbsp;\u00a7 6 Organe des Vereins<\/h2>\n\n\n\n<ol class=\"wp-block-list\">\n<li>Organe des Vereins sind der Vorstand und die Mitgliederversammlung.<\/li>\n<\/ol>\n\n\n\n<h2 class=\"wp-block-heading\">&nbsp;\u00a7 7 Vorstand&nbsp;<\/h2>\n\n\n\n<ol class=\"wp-block-list\">\n<li>Dem Vorstand des Vereins obliegen die Vertretung des Vereins nach <a href=\"https:\/\/dejure.org\/gesetze\/BGB\/26.html\">\u00a7 26 BGB(link is external)<\/a> und die F\u00fchrung seiner Gesch\u00e4fte. Der Vorstand besteht aus dem 1. Vorsitzenden, dem 2. Vorsitzenden, dem 3. Vorsitzenden (falls von der Mitgliederversammlung ge-w\u00e4hlt), dem Schatzmeister und dem Schriftf\u00fchrer.&nbsp;Der Verein wird gerichtlich und au\u00dfergerichtlich durch zwei Mitglieder des Vor\u00adstands, darunter der 1. Vorsitzende, der 2. Vorsitzende oder der 3. Vorsitzende, vertreten.<\/li>\n\n\n\n<li>Der Vorstand ist f\u00fcr alle Angelegenheiten des Vereins zust\u00e4ndig, insbesondere f\u00fcr<\/li>\n<\/ol>\n\n\n\n<ul class=\"wp-block-list\">\n<li>die Vorbereitung und Einberufung von Mitgliederversammlungen inklusive der Aufstellung der Tagesordnungen<\/li>\n\n\n\n<li>die Ausf\u00fchrung der Beschl\u00fcsse der Mitgliederversammlung<\/li>\n\n\n\n<li>die Verwaltung des Vereinsverm\u00f6gens und die Anfertigung des Jahresberichts<\/li>\n\n\n\n<li>die Beschlussfassung \u00fcber Aufnahme und Ausschluss von Mitgliedern<\/li>\n\n\n\n<li>das Einsetzen von Aussch\u00fcssen, Fachgruppen und Arbeitsgemeinschaften<\/li>\n<\/ul>\n\n\n\n<ol start=\"3\" class=\"wp-block-list\">\n<li>Die Vorstandsmitgliedschaft setzt Vereinsmitgliedschaft voraus. Die Mitgliederver\u00adsammlung w\u00e4hlt den Vorstand f\u00fcr die Dauer von zwei Jahren beginnend mit der Feststellung der Wahl. Eine Wiederwahl oder die vorzeitige Abberufung eines Mit\u00adglieds durch die Mitgliederversammlung sind zul\u00e4ssig. Ein Mitglied bleibt nach Ab\u00adlauf der regul\u00e4ren Amtszeit bis zur Wahl seines Nachfolgers im Amt. Scheidet ein Mitglied vorzeitig aus dem Vorstand aus, so sind die verbleibenden Mitglieder be\u00adrechtigt, ein Mitglied des Vereins bis zur Wahl des Nachfolgers durch die Mitglieder\u00adversammlung in den Vorstand zu w\u00e4hlen.<\/li>\n\n\n\n<li>Der Vorstand tritt nach Bedarf zusammen. Die Sitzungen werden vom 1. Vorsitzen\u00adden, bei dessen Verhinderung vom 2. Vorsitzenden oder 3. Vorsitzenden einberufen, eine Frist von wenigstens einer Woche soll eingehalten werden.<br>Der Vorstand ist beschlussf\u00e4hig, wenn mindestens zwei Mitglieder anwesend sind. Bei der Beschlussfassung entscheidet die Mehrheit der abgegebenen g\u00fcltigen Stimmen. Bei Stimmengleichheit entscheidet die Stimme des 1. Vorsitzenden, bei dessen Verhinderung die des 2. Vorsitzenden und bei dessen Verhinderung die des 3. Vorsitzenden.<br>Beschl\u00fcsse des Vorstandes sind zeitnah zu protokollieren. Das Protokoll ist vom Schriftf\u00fchrer, Hilfsweise von einem anderen teilnehmenden Vorstandsmitglied zu unterschreiben.<\/li>\n\n\n\n<li>Es k\u00f6nnen zwischen keinem und zehn Beisitzer gew\u00e4hlt werden. Die genaue An\u00adzahl der Beisitzer bestimmt die Mitgliederversammlung.<\/li>\n<\/ol>\n\n\n\n<h2 class=\"wp-block-heading\">\u00a7 8 Mitgliederversammlung&nbsp;<\/h2>\n\n\n\n<ol class=\"wp-block-list\">\n<li>Zu den Aufgaben der Mitgliederversammlung geh\u00f6ren insbesondere<\/li>\n<\/ol>\n\n\n\n<ul class=\"wp-block-list\">\n<li>die \u00c4nderung der Satzung<\/li>\n\n\n\n<li>die Aufl\u00f6sung des Vereins<\/li>\n\n\n\n<li>die Entgegennahme des Jahresberichts des Vorstands<\/li>\n\n\n\n<li>die Entlastung des Vorstands<\/li>\n\n\n\n<li>die Festsetzung der H\u00f6he des Jahresbeitrags<\/li>\n\n\n\n<li>die Wahl und Abberufung der Mitglieder des Vorstands<\/li>\n\n\n\n<li>der Ausschluss von Mitgliedern<\/li>\n\n\n\n<li>die Bestellung von Aussch\u00fcssen, Delegierten und Rechnungspr\u00fcfern.<\/li>\n<\/ul>\n\n\n\n<ol start=\"2\" class=\"wp-block-list\">\n<li>Mindestens einmal im Jahr soll eine ordentliche Mitgliederversammlung stattfinden.<br>Sie wird vom Vorstand unter Einhalt der Frist von zwei Wochen schriftlich oder per E-Mail unter Angabe einer Tagesordnung einberufen. Die Frist beginnt mit dem auf die Absendung des Einladungsschreibens folgenden Tag. Das Einladungsschreiben gilt dem Mitglied als zugegangen, wenn es an die letzte vom Mitglied dem Verein schriftlich bekanntgegebene Post-, bzw. E-Mail-Adresse gerichtet ist.<\/li>\n\n\n\n<li>Die Mitgliederversammlung ist unabh\u00e4ngig von der Zahl der erschienen Mitglieder beschlussf\u00e4hig.<\/li>\n\n\n\n<li>Die Mitgliederversammlung wird vom 1. Vorsitzenden, bei dessen Verhinderung vom 2. Vorsitzenden, dem 3. Vorsitzenden oder einem anderen Vorstandsmitglied geleitet. Ist kein Vorstandsmitglied anwesend, bestimmt die Versammlung den Leiter.<\/li>\n\n\n\n<li>Wahlen finden grunds\u00e4tzlich offen statt. Auf Antrag eines Mitglieds kann in offener Abstimmung schriftliche Wahl oder Abstimmung beschlossen werden.<\/li>\n\n\n\n<li>Gew\u00e4hlt ist, wer die meisten abgegebenen g\u00fcltigen Stimmen auf sich vereinigt.<br>Stimmenthaltungen und ung\u00fcltige Stimmen werden nicht mitgez\u00e4hlt. Bei Stimmen\u00adgleichheit ist die Wahl zu wiederholen. Ergibt sich erneut Stimmengleichheit, so ent\u00adscheidet das vom Versammlungsleiter zu ziehende Los.<\/li>\n\n\n\n<li>Die Mitgliederversammlung ist nicht \u00f6ffentlich. Der Versammlungsleiter kann G\u00e4ste zulassen.<\/li>\n\n\n\n<li>\u00dcber die Zulassung der Presse, des Rundfunks und des Fernsehens entscheidet der Vorstand.<\/li>\n\n\n\n<li>\u00dcber die Beschl\u00fcsse der Mitgliederversammlung ist ein Protokoll aufzunehmen, das vom jeweiligen Versammlungsleiter und dem Protokollf\u00fchrer zu unterzeichnen ist.<br>Es soll folgende Feststellungen enthalten: Ort und Zeit der Versammlung, die Person des Versammlungsleiters und des Protokollf\u00fchrers, die Zahl der er\u00adschienenen Mitglieder in Form einer Unterschriftenliste, die Tagesordnung sowie die einzelnen Abstimmungsergebnisse. Bei Satzungs\u00e4nderungen muss der genaue Wortlaut angegeben werden.<\/li>\n\n\n\n<li>Die Tagesordnung setzt der Vorstand fest. Jedes Mitglied kann bis sp\u00e4testens eine Woche vor der Mitgliederversammlung beim Vorstand schriftlich beantragen, dass weitere Angelegenheiten auf die Tagesordnung gesetzt werden. \u00dcber die Tages\u00adordnung und erg\u00e4nzende Antr\u00e4ge w\u00e4hrend der Mitgliederversammlung beschlie\u00dft die Mitgliederversammlung. Dies gilt nicht f\u00fcr Antr\u00e4ge, die eine \u00c4nderung der Satzung oder die Aufl\u00f6sung des Vereins zum Gegenstand haben.<\/li>\n\n\n\n<li>Der Vorstand kann jederzeit eine au\u00dferordentliche Mitgliederversammlung einbe\u00adrufen. Diese muss einberufen werden, wenn das Interesse des Vereins es erfordert oder wenn die Einberufung von einem F\u00fcnftel aller Mitglieder schriftlich unter Angabe des Zwecks und der Gr\u00fcnde vom Vorstand verlangt wird.<\/li>\n<\/ol>\n\n\n\n<h2 class=\"wp-block-heading\">\u00a7 9 Aufl\u00f6sung des Vereins<\/h2>\n\n\n\n<ol class=\"wp-block-list\">\n<li>Die Aufl\u00f6sung des Vereins kann nur in einer Mitgliederversammlung mit einer<br>3\u20444-Mehrheit der erschienenen Mitglieder beschlossen werden. Die Liquidatoren werden durch die Mitgliederversammlung bestimmt.<\/li>\n\n\n\n<li>Im Falle der Aufl\u00f6sung des Vereins oder bei Wegfall des steuerbeg\u00fcnstigten Zwecks f\u00e4llt das Vereinsverm\u00f6gen dem \u201eFree Software Foundation Europe e.V.\u201c (<a href=\"http:\/\/fsfe.org\">http:\/\/fsfe.org(link is external)<\/a>) zu.<\/li>\n\n\n\n<li>Beschl\u00fcsse \u00fcber die k\u00fcnftige Verwendung des Verm\u00f6gens d\u00fcrfen erst nach Einwilligung des Finanzamts ausgef\u00fchrt werden.&nbsp;<\/li>\n<\/ol>\n\n\n\n<h2 class=\"wp-block-heading\">\u00a7 10 Inkrafttreten<\/h2>\n\n\n\n<ol class=\"wp-block-list\">\n<li>Diese Satzung tritt mit dem Tag der Eintragung in das Vereinsregister in Kraft. Die bisherige Satzung tritt zum gleichen Zeitpunkt au\u00dfer Kraft.&nbsp;<\/li>\n<\/ol>\n\n\n\n<p>Stand: April 2014<\/p>\n","protected":false},"excerpt":{"rendered":"<p>ehemalige Satzung des Freiburger Open Source Software Netzwerks e. V. \u00a7 1 Name, Sitz, Gesch\u00e4ftsjahr \u00a7 2 Zweck und Aufgaben des Vereins Der Zweck wird verwirklicht insbesondere durch \u00a7 3 Gemeinn\u00fctzigkeit \u00a7 4 Erwerb und Beendigung der Mitgliedschaft &nbsp;\u00a7 5<\/p>\n","protected":false},"author":1,"featured_media":0,"parent":0,"menu_order":0,"comment_status":"closed","ping_status":"closed","template":"","meta":{"footnotes":""},"class_list":["post-65","page","type-page","status-publish","hentry"],"_links":{"self":[{"href":"https:\/\/freioss.de\/index.php?rest_route=\/wp\/v2\/pages\/65","targetHints":{"allow":["GET"]}}],"collection":[{"href":"https:\/\/freioss.de\/index.php?rest_route=\/wp\/v2\/pages"}],"about":[{"href":"https:\/\/freioss.de\/index.php?rest_route=\/wp\/v2\/types\/page"}],"author":[{"embeddable":true,"href":"https:\/\/freioss.de\/index.php?rest_route=\/wp\/v2\/users\/1"}],"replies":[{"embeddable":true,"href":"https:\/\/freioss.de\/index.php?rest_route=%2Fwp%2Fv2%2Fcomments&post=65"}],"version-history":[{"count":2,"href":"https:\/\/freioss.de\/index.php?rest_route=\/wp\/v2\/pages\/65\/revisions"}],"predecessor-version":[{"id":150,"href":"https:\/\/freioss.de\/index.php?rest_route=\/wp\/v2\/pages\/65\/revisions\/150"}],"wp:attachment":[{"href":"https:\/\/freioss.de\/index.php?rest_route=%2Fwp%2Fv2%2Fmedia&parent=65"}],"curies":[{"name":"wp","href":"https:\/\/api.w.org\/{rel}","templated":true}]}}